{"id":13888,"date":"2023-05-05T12:26:57","date_gmt":"2023-05-05T16:26:57","guid":{"rendered":"https:\/\/centrodeinnovacion.uc.cl\/brain-chile\/"},"modified":"2025-10-30T17:57:21","modified_gmt":"2025-10-30T20:57:21","slug":"brain-chile","status":"publish","type":"page","link":"https:\/\/centrodeinnovacion.uc.cl\/en\/brain-chile\/","title":{"rendered":"Brain Chile"},"content":{"rendered":"","protected":false},"excerpt":{"rendered":"","protected":false},"author":1,"featured_media":0,"parent":0,"menu_order":0,"comment_status":"closed","ping_status":"closed","template":"tpl-modular.php","meta":{"_acf_changed":false,"footnotes":""},"class_list":["post-13888","page","type-page","status-publish","hentry"],"acf":[],"yoast_head":"<!-- This site is optimized with the Yoast SEO plugin v27.0 - https:\/\/yoast.com\/product\/yoast-seo-wordpress\/ -->\n<title>Brain Chile - Centro de Innovaci\u00f3n<\/title>\n<meta name=\"robots\" content=\"index, follow, max-snippet:-1, max-image-preview:large, max-video-preview:-1\" \/>\n<link rel=\"canonical\" href=\"https:\/\/centrodeinnovacion.uc.cl\/en\/brain-chile\/\" \/>\n<meta property=\"og:locale\" content=\"en_US\" \/>\n<meta property=\"og:type\" content=\"article\" \/>\n<meta property=\"og:title\" content=\"Brain Chile - Centro de Innovaci\u00f3n\" \/>\n<meta property=\"og:url\" content=\"https:\/\/centrodeinnovacion.uc.cl\/en\/brain-chile\/\" \/>\n<meta property=\"og:site_name\" content=\"Centro de Innovaci\u00f3n\" \/>\n<meta property=\"article:modified_time\" content=\"2025-10-30T20:57:21+00:00\" \/>\n<meta name=\"twitter:card\" content=\"summary_large_image\" \/>\n<script type=\"application\/ld+json\" class=\"yoast-schema-graph\">{\"@context\":\"https:\/\/schema.org\",\"@graph\":[{\"@type\":\"WebPage\",\"@id\":\"https:\/\/centrodeinnovacion.uc.cl\/en\/brain-chile\/\",\"url\":\"https:\/\/centrodeinnovacion.uc.cl\/en\/brain-chile\/\",\"name\":\"Brain Chile - Centro de Innovaci\u00f3n\",\"isPartOf\":{\"@id\":\"https:\/\/centrodeinnovacion.uc.cl\/en\/#website\"},\"datePublished\":\"2023-05-05T16:26:57+00:00\",\"dateModified\":\"2025-10-30T20:57:21+00:00\",\"breadcrumb\":{\"@id\":\"https:\/\/centrodeinnovacion.uc.cl\/en\/brain-chile\/#breadcrumb\"},\"inLanguage\":\"en-US\",\"potentialAction\":[{\"@type\":\"ReadAction\",\"target\":[\"https:\/\/centrodeinnovacion.uc.cl\/en\/brain-chile\/\"]}]},{\"@type\":\"BreadcrumbList\",\"@id\":\"https:\/\/centrodeinnovacion.uc.cl\/en\/brain-chile\/#breadcrumb\",\"itemListElement\":[{\"@type\":\"ListItem\",\"position\":1,\"name\":\"Portada\",\"item\":\"https:\/\/centrodeinnovacion.uc.cl\/en\/\"},{\"@type\":\"ListItem\",\"position\":2,\"name\":\"Brain Chile\"}]},{\"@type\":\"WebSite\",\"@id\":\"https:\/\/centrodeinnovacion.uc.cl\/en\/#website\",\"url\":\"https:\/\/centrodeinnovacion.uc.cl\/en\/\",\"name\":\"Centro de Innovaci\u00f3n\",\"description\":\"El Centro promueve una cultura y un entorno pro innovaci\u00f3n y emprendimiento en la Universidad y en el pa\u00eds, a trav\u00e9s de encuentros, construcci\u00f3n de redes y la promoci\u00f3n de proyectos conjuntos entre la academia, el sector privado y el sector p\u00fablico.\",\"publisher\":{\"@id\":\"https:\/\/centrodeinnovacion.uc.cl\/en\/#organization\"},\"potentialAction\":[{\"@type\":\"SearchAction\",\"target\":{\"@type\":\"EntryPoint\",\"urlTemplate\":\"https:\/\/centrodeinnovacion.uc.cl\/en\/?s={search_term_string}\"},\"query-input\":{\"@type\":\"PropertyValueSpecification\",\"valueRequired\":true,\"valueName\":\"search_term_string\"}}],\"inLanguage\":\"en-US\"},{\"@type\":\"Organization\",\"@id\":\"https:\/\/centrodeinnovacion.uc.cl\/en\/#organization\",\"name\":\"Centro de Innovaci\u00f3n\",\"url\":\"https:\/\/centrodeinnovacion.uc.cl\/en\/\",\"logo\":{\"@type\":\"ImageObject\",\"inLanguage\":\"en-US\",\"@id\":\"https:\/\/centrodeinnovacion.uc.cl\/en\/#\/schema\/logo\/image\/\",\"url\":\"https:\/\/centrodeinnovacion.uc.cl\/assets\/uploads\/2023\/04\/logo.svg\",\"contentUrl\":\"https:\/\/centrodeinnovacion.uc.cl\/assets\/uploads\/2023\/04\/logo.svg\",\"width\":1,\"height\":1,\"caption\":\"Centro de Innovaci\u00f3n\"},\"image\":{\"@id\":\"https:\/\/centrodeinnovacion.uc.cl\/en\/#\/schema\/logo\/image\/\"}}]}<\/script>\n<!-- \/ Yoast SEO plugin. -->","yoast_head_json":{"title":"Brain Chile - Centro de Innovaci\u00f3n","robots":{"index":"index","follow":"follow","max-snippet":"max-snippet:-1","max-image-preview":"max-image-preview:large","max-video-preview":"max-video-preview:-1"},"canonical":"https:\/\/centrodeinnovacion.uc.cl\/en\/brain-chile\/","og_locale":"en_US","og_type":"article","og_title":"Brain Chile - Centro de Innovaci\u00f3n","og_url":"https:\/\/centrodeinnovacion.uc.cl\/en\/brain-chile\/","og_site_name":"Centro de Innovaci\u00f3n","article_modified_time":"2025-10-30T20:57:21+00:00","twitter_card":"summary_large_image","schema":{"@context":"https:\/\/schema.org","@graph":[{"@type":"WebPage","@id":"https:\/\/centrodeinnovacion.uc.cl\/en\/brain-chile\/","url":"https:\/\/centrodeinnovacion.uc.cl\/en\/brain-chile\/","name":"Brain Chile - Centro de Innovaci\u00f3n","isPartOf":{"@id":"https:\/\/centrodeinnovacion.uc.cl\/en\/#website"},"datePublished":"2023-05-05T16:26:57+00:00","dateModified":"2025-10-30T20:57:21+00:00","breadcrumb":{"@id":"https:\/\/centrodeinnovacion.uc.cl\/en\/brain-chile\/#breadcrumb"},"inLanguage":"en-US","potentialAction":[{"@type":"ReadAction","target":["https:\/\/centrodeinnovacion.uc.cl\/en\/brain-chile\/"]}]},{"@type":"BreadcrumbList","@id":"https:\/\/centrodeinnovacion.uc.cl\/en\/brain-chile\/#breadcrumb","itemListElement":[{"@type":"ListItem","position":1,"name":"Portada","item":"https:\/\/centrodeinnovacion.uc.cl\/en\/"},{"@type":"ListItem","position":2,"name":"Brain Chile"}]},{"@type":"WebSite","@id":"https:\/\/centrodeinnovacion.uc.cl\/en\/#website","url":"https:\/\/centrodeinnovacion.uc.cl\/en\/","name":"Centro de Innovaci\u00f3n","description":"El Centro promueve una cultura y un entorno pro innovaci\u00f3n y emprendimiento en la Universidad y en el pa\u00eds, a trav\u00e9s de encuentros, construcci\u00f3n de redes y la promoci\u00f3n de proyectos conjuntos entre la academia, el sector privado y el sector p\u00fablico.","publisher":{"@id":"https:\/\/centrodeinnovacion.uc.cl\/en\/#organization"},"potentialAction":[{"@type":"SearchAction","target":{"@type":"EntryPoint","urlTemplate":"https:\/\/centrodeinnovacion.uc.cl\/en\/?s={search_term_string}"},"query-input":{"@type":"PropertyValueSpecification","valueRequired":true,"valueName":"search_term_string"}}],"inLanguage":"en-US"},{"@type":"Organization","@id":"https:\/\/centrodeinnovacion.uc.cl\/en\/#organization","name":"Centro de Innovaci\u00f3n","url":"https:\/\/centrodeinnovacion.uc.cl\/en\/","logo":{"@type":"ImageObject","inLanguage":"en-US","@id":"https:\/\/centrodeinnovacion.uc.cl\/en\/#\/schema\/logo\/image\/","url":"https:\/\/centrodeinnovacion.uc.cl\/assets\/uploads\/2023\/04\/logo.svg","contentUrl":"https:\/\/centrodeinnovacion.uc.cl\/assets\/uploads\/2023\/04\/logo.svg","width":1,"height":1,"caption":"Centro de Innovaci\u00f3n"},"image":{"@id":"https:\/\/centrodeinnovacion.uc.cl\/en\/#\/schema\/logo\/image\/"}}]}},"_links":{"self":[{"href":"https:\/\/centrodeinnovacion.uc.cl\/en\/wp-json\/wp\/v2\/pages\/13888","targetHints":{"allow":["GET"]}}],"collection":[{"href":"https:\/\/centrodeinnovacion.uc.cl\/en\/wp-json\/wp\/v2\/pages"}],"about":[{"href":"https:\/\/centrodeinnovacion.uc.cl\/en\/wp-json\/wp\/v2\/types\/page"}],"author":[{"embeddable":true,"href":"https:\/\/centrodeinnovacion.uc.cl\/en\/wp-json\/wp\/v2\/users\/1"}],"replies":[{"embeddable":true,"href":"https:\/\/centrodeinnovacion.uc.cl\/en\/wp-json\/wp\/v2\/comments?post=13888"}],"version-history":[{"count":3,"href":"https:\/\/centrodeinnovacion.uc.cl\/en\/wp-json\/wp\/v2\/pages\/13888\/revisions"}],"predecessor-version":[{"id":17303,"href":"https:\/\/centrodeinnovacion.uc.cl\/en\/wp-json\/wp\/v2\/pages\/13888\/revisions\/17303"}],"wp:attachment":[{"href":"https:\/\/centrodeinnovacion.uc.cl\/en\/wp-json\/wp\/v2\/media?parent=13888"}],"curies":[{"name":"wp","href":"https:\/\/api.w.org\/{rel}","templated":true}]}}